{"id":2909,"date":"2025-09-30T16:52:56","date_gmt":"2025-09-30T16:52:56","guid":{"rendered":"https:\/\/luisdecamoes500.gov.pt\/premio-estudar-camoes\/"},"modified":"2025-10-31T12:12:03","modified_gmt":"2025-10-31T12:12:03","slug":"premio-estudar-camoes","status":"publish","type":"page","link":"https:\/\/luisdecamoes500.gov.pt\/en\/premio-estudar-camoes\/","title":{"rendered":"Prize Estudar Cam\u00f5es"},"content":{"rendered":"","protected":false},"excerpt":{"rendered":"","protected":false},"author":7,"featured_media":0,"parent":0,"menu_order":0,"comment_status":"closed","ping_status":"closed","template":"template-premio-estudar.php","meta":{"_acf_changed":false,"footnotes":""},"class_list":["post-2909","page","type-page","status-publish","hentry"],"acf":[],"yoast_head":"<!-- This site is optimized with the Yoast SEO plugin v21.9.1 - https:\/\/yoast.com\/wordpress\/plugins\/seo\/ -->\r\n<title>Prize Estudar Cam\u00f5es - Cam\u00f5es 500<\/title>\r\n<meta name=\"robots\" content=\"index, follow, max-snippet:-1, max-image-preview:large, max-video-preview:-1\" \/>\r\n<link rel=\"canonical\" href=\"https:\/\/luisdecamoes500.gov.pt\/en\/premio-estudar-camoes\/\" \/>\r\n<meta property=\"og:locale\" content=\"en_US\" \/>\r\n<meta property=\"og:type\" content=\"article\" \/>\r\n<meta property=\"og:title\" content=\"Prize Estudar Cam\u00f5es - Cam\u00f5es 500\" \/>\r\n<meta property=\"og:url\" content=\"https:\/\/luisdecamoes500.gov.pt\/en\/premio-estudar-camoes\/\" \/>\r\n<meta property=\"og:site_name\" content=\"Cam\u00f5es 500\" \/>\r\n<meta property=\"article:publisher\" content=\"https:\/\/www.facebook.com\/luisdecamoes500\" \/>\r\n<meta property=\"article:modified_time\" content=\"2025-10-31T12:12:03+00:00\" \/>\r\n<meta property=\"og:image\" content=\"https:\/\/luisdecamoes500.gov.pt\/app\/uploads\/2025\/09\/Share-Image.png\" \/>\r\n\t<meta property=\"og:image:width\" content=\"1200\" \/>\r\n\t<meta property=\"og:image:height\" content=\"630\" \/>\r\n\t<meta property=\"og:image:type\" content=\"image\/png\" \/>\r\n<meta name=\"twitter:card\" content=\"summary_large_image\" \/>\r\n<script type=\"application\/ld+json\" class=\"yoast-schema-graph\">{\"@context\":\"https:\/\/schema.org\",\"@graph\":[{\"@type\":\"WebPage\",\"@id\":\"https:\/\/luisdecamoes500.gov.pt\/en\/premio-estudar-camoes\/\",\"url\":\"https:\/\/luisdecamoes500.gov.pt\/en\/premio-estudar-camoes\/\",\"name\":\"Prize Estudar Cam\u00f5es - Cam\u00f5es 500\",\"isPartOf\":{\"@id\":\"https:\/\/luisdecamoes500.gov.pt\/#website\"},\"datePublished\":\"2025-09-30T16:52:56+00:00\",\"dateModified\":\"2025-10-31T12:12:03+00:00\",\"breadcrumb\":{\"@id\":\"https:\/\/luisdecamoes500.gov.pt\/en\/premio-estudar-camoes\/#breadcrumb\"},\"inLanguage\":\"en-US\",\"potentialAction\":[{\"@type\":\"ReadAction\",\"target\":[\"https:\/\/luisdecamoes500.gov.pt\/en\/premio-estudar-camoes\/\"]}]},{\"@type\":\"BreadcrumbList\",\"@id\":\"https:\/\/luisdecamoes500.gov.pt\/en\/premio-estudar-camoes\/#breadcrumb\",\"itemListElement\":[{\"@type\":\"ListItem\",\"position\":1,\"name\":\"In\u00edcio\",\"item\":\"https:\/\/luisdecamoes500.gov.pt\/en\/\"},{\"@type\":\"ListItem\",\"position\":2,\"name\":\"Prize Estudar Cam\u00f5es\"}]},{\"@type\":\"WebSite\",\"@id\":\"https:\/\/luisdecamoes500.gov.pt\/#website\",\"url\":\"https:\/\/luisdecamoes500.gov.pt\/\",\"name\":\"Cam\u00f5es 500\",\"description\":\"Entre 10 de junho de 2024 e 10 de junho de 2026, celebramos os 500 anos de Lu\u00eds de Cam\u00f5es, o mais emblem\u00e1tico poeta da l\u00edngua portuguesa, cuja obra transcende as fronteiras do tempo e do espa\u00e7o.\",\"publisher\":{\"@id\":\"https:\/\/luisdecamoes500.gov.pt\/#organization\"},\"potentialAction\":[{\"@type\":\"SearchAction\",\"target\":{\"@type\":\"EntryPoint\",\"urlTemplate\":\"https:\/\/luisdecamoes500.gov.pt\/?s={search_term_string}\"},\"query-input\":\"required name=search_term_string\"}],\"inLanguage\":\"en-US\"},{\"@type\":\"Organization\",\"@id\":\"https:\/\/luisdecamoes500.gov.pt\/#organization\",\"name\":\"Cam\u00f5es 500\",\"url\":\"https:\/\/luisdecamoes500.gov.pt\/\",\"logo\":{\"@type\":\"ImageObject\",\"inLanguage\":\"en-US\",\"@id\":\"https:\/\/luisdecamoes500.gov.pt\/#\/schema\/logo\/image\/\",\"url\":\"https:\/\/luisdecamoes500.gov.pt\/app\/uploads\/2024\/05\/cropped-cropped-Favicon.png\",\"contentUrl\":\"https:\/\/luisdecamoes500.gov.pt\/app\/uploads\/2024\/05\/cropped-cropped-Favicon.png\",\"width\":512,\"height\":512,\"caption\":\"Cam\u00f5es 500\"},\"image\":{\"@id\":\"https:\/\/luisdecamoes500.gov.pt\/#\/schema\/logo\/image\/\"},\"sameAs\":[\"https:\/\/www.facebook.com\/luisdecamoes500\",\"https:\/\/www.instagram.com\/camoes500\/#\",\"https:\/\/www.youtube.com\/@Camoes500\",\"https:\/\/soundcloud.com\/camoes500\"]}]}<\/script>\r\n<!-- \/ Yoast SEO plugin. -->","yoast_head_json":{"title":"Prize Estudar Cam\u00f5es - Cam\u00f5es 500","robots":{"index":"index","follow":"follow","max-snippet":"max-snippet:-1","max-image-preview":"max-image-preview:large","max-video-preview":"max-video-preview:-1"},"canonical":"https:\/\/luisdecamoes500.gov.pt\/en\/premio-estudar-camoes\/","og_locale":"en_US","og_type":"article","og_title":"Prize Estudar Cam\u00f5es - Cam\u00f5es 500","og_url":"https:\/\/luisdecamoes500.gov.pt\/en\/premio-estudar-camoes\/","og_site_name":"Cam\u00f5es 500","article_publisher":"https:\/\/www.facebook.com\/luisdecamoes500","article_modified_time":"2025-10-31T12:12:03+00:00","og_image":[{"width":1200,"height":630,"url":"https:\/\/luisdecamoes500.gov.pt\/app\/uploads\/2025\/09\/Share-Image.png","type":"image\/png"}],"twitter_card":"summary_large_image","schema":{"@context":"https:\/\/schema.org","@graph":[{"@type":"WebPage","@id":"https:\/\/luisdecamoes500.gov.pt\/en\/premio-estudar-camoes\/","url":"https:\/\/luisdecamoes500.gov.pt\/en\/premio-estudar-camoes\/","name":"Prize Estudar Cam\u00f5es - Cam\u00f5es 500","isPartOf":{"@id":"https:\/\/luisdecamoes500.gov.pt\/#website"},"datePublished":"2025-09-30T16:52:56+00:00","dateModified":"2025-10-31T12:12:03+00:00","breadcrumb":{"@id":"https:\/\/luisdecamoes500.gov.pt\/en\/premio-estudar-camoes\/#breadcrumb"},"inLanguage":"en-US","potentialAction":[{"@type":"ReadAction","target":["https:\/\/luisdecamoes500.gov.pt\/en\/premio-estudar-camoes\/"]}]},{"@type":"BreadcrumbList","@id":"https:\/\/luisdecamoes500.gov.pt\/en\/premio-estudar-camoes\/#breadcrumb","itemListElement":[{"@type":"ListItem","position":1,"name":"In\u00edcio","item":"https:\/\/luisdecamoes500.gov.pt\/en\/"},{"@type":"ListItem","position":2,"name":"Prize Estudar Cam\u00f5es"}]},{"@type":"WebSite","@id":"https:\/\/luisdecamoes500.gov.pt\/#website","url":"https:\/\/luisdecamoes500.gov.pt\/","name":"Cam\u00f5es 500","description":"Entre 10 de junho de 2024 e 10 de junho de 2026, celebramos os 500 anos de Lu\u00eds de Cam\u00f5es, o mais emblem\u00e1tico poeta da l\u00edngua portuguesa, cuja obra transcende as fronteiras do tempo e do espa\u00e7o.","publisher":{"@id":"https:\/\/luisdecamoes500.gov.pt\/#organization"},"potentialAction":[{"@type":"SearchAction","target":{"@type":"EntryPoint","urlTemplate":"https:\/\/luisdecamoes500.gov.pt\/?s={search_term_string}"},"query-input":"required name=search_term_string"}],"inLanguage":"en-US"},{"@type":"Organization","@id":"https:\/\/luisdecamoes500.gov.pt\/#organization","name":"Cam\u00f5es 500","url":"https:\/\/luisdecamoes500.gov.pt\/","logo":{"@type":"ImageObject","inLanguage":"en-US","@id":"https:\/\/luisdecamoes500.gov.pt\/#\/schema\/logo\/image\/","url":"https:\/\/luisdecamoes500.gov.pt\/app\/uploads\/2024\/05\/cropped-cropped-Favicon.png","contentUrl":"https:\/\/luisdecamoes500.gov.pt\/app\/uploads\/2024\/05\/cropped-cropped-Favicon.png","width":512,"height":512,"caption":"Cam\u00f5es 500"},"image":{"@id":"https:\/\/luisdecamoes500.gov.pt\/#\/schema\/logo\/image\/"},"sameAs":["https:\/\/www.facebook.com\/luisdecamoes500","https:\/\/www.instagram.com\/camoes500\/#","https:\/\/www.youtube.com\/@Camoes500","https:\/\/soundcloud.com\/camoes500"]}]}},"_links":{"self":[{"href":"https:\/\/luisdecamoes500.gov.pt\/en\/wp-json\/wp\/v2\/pages\/2909","targetHints":{"allow":["GET"]}}],"collection":[{"href":"https:\/\/luisdecamoes500.gov.pt\/en\/wp-json\/wp\/v2\/pages"}],"about":[{"href":"https:\/\/luisdecamoes500.gov.pt\/en\/wp-json\/wp\/v2\/types\/page"}],"author":[{"embeddable":true,"href":"https:\/\/luisdecamoes500.gov.pt\/en\/wp-json\/wp\/v2\/users\/7"}],"replies":[{"embeddable":true,"href":"https:\/\/luisdecamoes500.gov.pt\/en\/wp-json\/wp\/v2\/comments?post=2909"}],"version-history":[{"count":1,"href":"https:\/\/luisdecamoes500.gov.pt\/en\/wp-json\/wp\/v2\/pages\/2909\/revisions"}],"predecessor-version":[{"id":2931,"href":"https:\/\/luisdecamoes500.gov.pt\/en\/wp-json\/wp\/v2\/pages\/2909\/revisions\/2931"}],"wp:attachment":[{"href":"https:\/\/luisdecamoes500.gov.pt\/en\/wp-json\/wp\/v2\/media?parent=2909"}],"curies":[{"name":"wp","href":"https:\/\/api.w.org\/{rel}","templated":true}]}}